{"id":7,"date":"2026-04-13T15:54:57","date_gmt":"2026-04-13T15:54:57","guid":{"rendered":"https:\/\/gusimacchineperilverde.it\/?page_id=7"},"modified":"2026-04-13T15:58:29","modified_gmt":"2026-04-13T15:58:29","slug":"gusi-robot-tagliaerba","status":"publish","type":"page","link":"https:\/\/gusimacchineperilverde.it\/","title":{"rendered":"Gusi Robot tagliaerba"},"content":{"rendered":"<div class=\"et_pb_section_0 et_pb_section et_section_regular et_block_section preset--module--divi-section--74c69059-8e69-4122-b1e6-dfeabf6c5711\">\n<div class=\"et_pb_row_0 et_pb_row et_pb_equal_columns et_block_row preset--module--divi-row--5138c454-be54-4233-bd3b-f8e6a8747976\">\n<div class=\"et_pb_column_0 et_pb_column et_pb_column_1_2 et_block_column et_pb_css_mix_blend_mode_passthrough preset--module--divi-column--73121f80-a3ef-4484-8763-c3f18e3c56d2\">\n<div class=\"et_pb_heading_0 et_pb_heading et_pb_module et_block_module preset--module--divi-heading--f0c675ea-2574-4d0e-b725-30f8550a8550\"><div class=\"et_pb_heading_container\"><h4 class=\"et_pb_module_header\">Scopri l'Innovazione nel Taglio del Prato<\/h4><\/div><\/div>\n\n<div class=\"et_pb_heading_1 et_pb_heading et_pb_module et_block_module preset--module--divi-heading--ddeb8c09-9078-4424-bc15-2efb6572e28e\"><div class=\"et_pb_heading_container\"><h1 class=\"et_pb_module_header\">Robot Tagliaerba SENZA FILI : Il Futuro della Manutenzione del Verde<\/h1><\/div><\/div>\n\n<div class=\"et_pb_text_0 et_pb_text et_pb_bg_layout_light et_pb_module et_block_module preset--module--divi-text--2c55a9c4-feed-423b-9edb-ae0b5b365cac\"><div class=\"et_pb_text_inner\"><p>Esplora i vantaggi dei robot tagliaerba e come possono rivoluzionare la cura del tuo giardino, offrendoti pi\u00f9 tempo libero e un prato sempre perfetto.<\/p>\n<\/div><\/div>\n\n<div class=\"et_pb_module et_pb_button_module_wrapper et_pb_button_0_wrapper preset--module--divi-button--1bffc0fc-42a0-49d1-bd9a-ae3ade2d7206_wrapper\"><a class=\"et_pb_button_0 et_pb_button et_pb_bg_layout_light et_pb_module et_block_module preset--module--divi-button--1bffc0fc-42a0-49d1-bd9a-ae3ade2d7206\" href=\"\">Scopri i dettagli<\/a><\/div>\n<\/div>\n\n<div class=\"et_pb_column_1 et_pb_column et_pb_column_1_2 et-last-child et_block_column et_pb_css_mix_blend_mode_passthrough preset--module--divi-column--73121f80-a3ef-4484-8763-c3f18e3c56d2\">\n<div class=\"et_pb_image_0 et_pb_image et_pb_module et_block_module preset--module--divi-image--1cc6152f-565c-4c4d-b0c9-cf8c9576c341\"><span class=\"et_pb_image_wrap\"><img loading=\"lazy\" decoding=\"async\" src=\"http:\/\/gusimacchineperilverde.it\/wp-content\/uploads\/2026\/03\/robot-senza-fili-1.jpg\" width=\"1092\" height=\"804\" srcset=\"http:\/\/gusimacchineperilverde.it\/wp-content\/uploads\/2026\/03\/robot-senza-fili-1.jpg 1092w, http:\/\/gusimacchineperilverde.it\/wp-content\/uploads\/2026\/03\/robot-senza-fili-1-980x722.jpg 980w, http:\/\/gusimacchineperilverde.it\/wp-content\/uploads\/2026\/03\/robot-senza-fili-1-480x353.jpg 480w\" sizes=\"(min-width: 0px) and (max-width: 480px) 480px, (min-width: 481px) and (max-width: 980px) 980px, (min-width: 981px) 1092px, 100vw\" class=\"wp-image-14\" title=\"robot senza fili 1\" \/><\/span><\/div>\n<\/div>\n<\/div>\n<\/div>\n\n<div class=\"et_pb_section_1 et_pb_section et_section_regular et_block_section\">\n<div class=\"et_pb_row_1 et_pb_row et_block_row preset--module--divi-row--5138c454-be54-4233-bd3b-f8e6a8747976\">\n<div class=\"et_pb_column_2 et_pb_column et_pb_column_4_4 et-last-child et_block_column et_pb_css_mix_blend_mode_passthrough preset--module--divi-column--73121f80-a3ef-4484-8763-c3f18e3c56d2\">\n<div class=\"et_pb_heading_2 et_pb_heading et_pb_module et_block_module preset--module--divi-heading--c33f07d9-41e0-421a-8799-5799df695cce\"><div class=\"et_pb_heading_container\"><h2 class=\"et_pb_module_header\">Caratteristiche Principali dei Robot Tagliaerba<\/h2><\/div><\/div>\n<\/div>\n<\/div>\n\n<div class=\"et_pb_row_2 et_pb_row et_pb_equal_columns et_block_row preset--module--divi-row--5138c454-be54-4233-bd3b-f8e6a8747976\">\n<div class=\"et_pb_column_3 et_pb_column et_pb_column_1_3 et_block_column et_pb_css_mix_blend_mode_passthrough preset--module--divi-column--6ee989c6-ce83-4f88-8565-5aa92b2b8c6a\">\n<div class=\"et_pb_blurb_0 et_pb_blurb et_pb_bg_layout_light et_pb_blurb_position_top et_pb_module et_block_module preset--module--divi-blurb--212b201d-2c34-41bd-936c-851b7357d08b\"><div class=\"et_pb_blurb_content\"><div class=\"et_pb_main_blurb_image\"><span class=\"et_pb_image_wrap\"><span class=\"et-pb-icon\">\uf085<\/span><\/span><\/div><div class=\"et_pb_blurb_container\"><h4 class=\"et_pb_module_header\">Taglio Automatico Intelligente<\/h4><div class=\"et_pb_blurb_description\"><p><span dir=\"auto\" style=\"vertical-align: inherit;\"><span dir=\"auto\" style=\"vertical-align: inherit;\">Grazie ai sensori avanzati, i robot tagliaerba navigano in modo autonomo, evitando ostacoli e garantendo un taglio uniforme il tutto senza fili.<\/span><\/span><\/p>\n<\/div><\/div><\/div><\/div>\n<\/div>\n\n<div class=\"et_pb_column_4 et_pb_column et_pb_column_1_3 et_block_column et_pb_css_mix_blend_mode_passthrough preset--module--divi-column--6ee989c6-ce83-4f88-8565-5aa92b2b8c6a\">\n<div class=\"et_pb_blurb_1 et_pb_blurb et_pb_bg_layout_light et_pb_blurb_position_top et_pb_module et_block_module preset--module--divi-blurb--212b201d-2c34-41bd-936c-851b7357d08b\"><div class=\"et_pb_blurb_content\"><div class=\"et_pb_main_blurb_image\"><span class=\"et_pb_image_wrap\"><span class=\"et-pb-icon\">\uf785<\/span><\/span><\/div><div class=\"et_pb_blurb_container\"><h4 class=\"et_pb_module_header\">Risparmio Energetico<\/h4><div class=\"et_pb_blurb_description\"><p>Progettati per essere efficienti, questi robot consumano meno energia rispetto ai tagliaerba tradizionali.<\/p>\n<\/div><\/div><\/div><\/div>\n<\/div>\n\n<div class=\"et_pb_column_5 et_pb_column et_pb_column_1_3 et-last-child et_block_column et_pb_css_mix_blend_mode_passthrough preset--module--divi-column--6ee989c6-ce83-4f88-8565-5aa92b2b8c6a\">\n<div class=\"et_pb_blurb_2 et_pb_blurb et_pb_bg_layout_light et_pb_blurb_position_top et_pb_module et_block_module preset--module--divi-blurb--212b201d-2c34-41bd-936c-851b7357d08b\"><div class=\"et_pb_blurb_content\"><div class=\"et_pb_main_blurb_image\"><span class=\"et_pb_image_wrap\"><span class=\"et-pb-icon\">\ue012<\/span><\/span><\/div><div class=\"et_pb_blurb_container\"><h4 class=\"et_pb_module_header\">Gestione Remota<\/h4><div class=\"et_pb_blurb_description\"><p>Gestisci il tuo robot tagliaerba comodamente dallo smartphone, programmando orari e monitorando le prestazioni.<\/p>\n<\/div><\/div><\/div><\/div>\n<\/div>\n<\/div>\n<\/div>\n\n<div class=\"et_pb_section_2 et_pb_section et_section_regular et_block_section\">\n<div class=\"et_pb_row_3 et_pb_row et_block_row\">\n<div class=\"et_pb_column_6 et_pb_column et_pb_column_4_4 et-last-child et_block_column et_pb_css_mix_blend_mode_passthrough\">\n<div class=\"et_pb_heading_3 et_pb_heading et_pb_module et_block_module preset--module--divi-heading--c33f07d9-41e0-421a-8799-5799df695cce\"><div class=\"et_pb_heading_container\"><h2 class=\"et_pb_module_header\">Confronto tra Modelli di Robot Tagliaerba<\/h2><\/div><\/div>\n<\/div>\n<\/div>\n\n<div class=\"et_pb_row_4 et_pb_row et_block_row\">\n<div class=\"et_pb_column_7 et_pb_column et_pb_column_1_3 et_block_column et_pb_css_mix_blend_mode_passthrough preset--module--divi-column--abf3c322-b168-4918-b3da-edbf076632f5\">\n<div class=\"et_pb_image_1 et_pb_image et_pb_module et_block_module\"><span class=\"et_pb_image_wrap\"><img loading=\"lazy\" decoding=\"async\" src=\"http:\/\/gusimacchineperilverde.it\/wp-content\/uploads\/2026\/04\/robot-i-garden-giardino-1.jpg\" width=\"140\" height=\"96\" srcset=\"http:\/\/gusimacchineperilverde.it\/wp-content\/uploads\/2026\/04\/robot-i-garden-giardino-1.jpg 140w\" sizes=\"(max-width: 140px) 100vw, 140px\" class=\"wp-image-20\" title=\"robot i garden giardino\" \/><\/span><\/div>\n\n<div class=\"et_pb_heading_4 et_pb_heading et_pb_module et_block_module preset--module--divi-heading--ba4a6336-701f-47b8-bf5c-09da0ce28016\"><div class=\"et_pb_heading_container\"><h3 class=\"et_pb_module_header\">Robot iGarden<\/h3><\/div><\/div>\n\n<div class=\"et_pb_text_1 et_pb_text et_pb_bg_layout_light et_pb_module et_block_module preset--module--divi-text--2c55a9c4-feed-423b-9edb-ae0b5b365cac\"><div class=\"et_pb_text_inner\"><div class=\"flex flex-col text-sm pb-25\">\n<section class=\"text-token-text-primary w-full focus:outline-none [--shadow-height:45px] has-data-writing-block:pointer-events-none has-data-writing-block:-mt-(--shadow-height) has-data-writing-block:pt-(--shadow-height) [&amp;:has([data-writing-block])&gt;*]:pointer-events-auto scroll-mt-[calc(var(--header-height)+min(200px,max(70px,20svh)))]\" dir=\"auto\" data-turn-id=\"request-WEB:1d49f752-10de-4704-9820-162ab3597693-13\" data-testid=\"conversation-turn-4\" data-scroll-anchor=\"true\" data-turn=\"assistant\">\n<div class=\"text-base my-auto mx-auto pb-10 [--thread-content-margin:var(--thread-content-margin-xs,calc(var(--spacing)*4))] @w-sm\/main:[--thread-content-margin:var(--thread-content-margin-sm,calc(var(--spacing)*6))] @w-lg\/main:[--thread-content-margin:var(--thread-content-margin-lg,calc(var(--spacing)*16))] px-(--thread-content-margin)\">\n<div class=\"[--thread-content-max-width:40rem] @w-lg\/main:[--thread-content-max-width:48rem] mx-auto max-w-(--thread-content-max-width) flex-1 group\/turn-messages focus-visible:outline-hidden relative flex w-full min-w-0 flex-col agent-turn\">\n<div class=\"flex max-w-full flex-col gap-4 grow\">\n<div data-message-author-role=\"assistant\" data-message-id=\"a2960c8b-e47f-4ea2-8f26-bfc9d6a46ec3\" dir=\"auto\" data-message-model-slug=\"gpt-5-3\" class=\"min-h-8 text-message relative flex w-full flex-col items-end gap-2 text-start break-words whitespace-normal outline-none keyboard-focused:focus-ring [.text-message+&amp;]:mt-1\" data-turn-start-message=\"true\" tabindex=\"0\">\n<div class=\"flex w-full flex-col gap-1 empty:hidden\">\n<div class=\"markdown prose dark:prose-invert w-full wrap-break-word light markdown-new-styling\">\n<p data-start=\"49\" data-end=\"170\">Tecnologia avanzata <strong data-start=\"69\" data-end=\"96\">3D LiDAR + IMU + Vision<\/strong> per una mappatura precisa al centimetro e percorsi di taglio ottimizzati.<\/p>\n<ul data-start=\"172\" data-end=\"643\">\n<li data-section-id=\"1qjklvf\" data-start=\"172\" data-end=\"229\">Copertura fino a <strong data-start=\"191\" data-end=\"203\">3.000 m\u00b2<\/strong> (4 modelli disponibili)<\/li>\n<li data-section-id=\"1dflq8u\" data-start=\"230\" data-end=\"280\">Autonomia fino a <strong data-start=\"249\" data-end=\"258\">8 ore<\/strong> con una sola carica<\/li>\n<li data-section-id=\"e3zo36\" data-start=\"281\" data-end=\"337\"><strong data-start=\"283\" data-end=\"302\">4 ruote motrici<\/strong>: supera pendenze fino al <strong data-start=\"328\" data-end=\"335\">70%<\/strong><\/li>\n<li data-section-id=\"cjau3b\" data-start=\"338\" data-end=\"428\">Gestione intelligente: <strong data-start=\"363\" data-end=\"382\">taglio per zone<\/strong> e personalizzazione con <strong data-start=\"407\" data-end=\"426\">loghi e scritte<\/strong><\/li>\n<li data-section-id=\"w2xjcn\" data-start=\"429\" data-end=\"479\">Si muove anche in <strong data-start=\"449\" data-end=\"477\">passaggi stretti (80 cm)<\/strong><\/li>\n<li data-section-id=\"mgtv03\" data-start=\"480\" data-end=\"565\">Sistema di sicurezza avanzato con <strong data-start=\"516\" data-end=\"563\">sensori, videocamere e rilevamento ostacoli<\/strong><\/li>\n<li data-section-id=\"r16i3s\" data-start=\"566\" data-end=\"618\"><strong data-start=\"568\" data-end=\"593\">Regolazione elettrica<\/strong> dell\u2019altezza di taglio<\/li>\n<li data-section-id=\"18jr7o7\" data-start=\"619\" data-end=\"643\"><strong data-start=\"621\" data-end=\"643\">3 anni di garanzia<\/strong><\/li>\n<\/ul>\n<p data-start=\"645\" data-end=\"744\" data-is-last-node=\"\" data-is-only-node=\"\">Prestazioni elevate, massima autonomia e controllo totale del prato, senza installazioni complesse.<\/p>\n<\/div>\n<\/div>\n<\/div>\n<\/div>\n<div class=\"z-0 flex min-h-[46px] justify-start\"><\/div>\n<div class=\"mt-3 w-full empty:hidden\">\n<div class=\"text-center\"><\/div>\n<\/div>\n<\/div>\n<\/div>\n<\/section>\n<\/div>\n<\/div><\/div>\n<\/div>\n\n<div class=\"et_pb_column_8 et_pb_column et_pb_column_1_3 et_block_column et_pb_css_mix_blend_mode_passthrough preset--module--divi-column--abf3c322-b168-4918-b3da-edbf076632f5\">\n<div class=\"et_pb_image_2 et_pb_image et_pb_module et_block_module\"><span class=\"et_pb_image_wrap\"><img loading=\"lazy\" decoding=\"async\" src=\"http:\/\/gusimacchineperilverde.it\/wp-content\/uploads\/2026\/04\/robot-i-garden-senza-fili.jpg\" width=\"133\" height=\"90\" srcset=\"http:\/\/gusimacchineperilverde.it\/wp-content\/uploads\/2026\/04\/robot-i-garden-senza-fili.jpg 133w\" sizes=\"(max-width: 133px) 100vw, 133px\" class=\"wp-image-19\" title=\"robot i garden senza fili\" \/><\/span><\/div>\n\n<div class=\"et_pb_heading_5 et_pb_heading et_pb_module et_block_module preset--module--divi-heading--ba4a6336-701f-47b8-bf5c-09da0ce28016\"><div class=\"et_pb_heading_container\"><h3 class=\"et_pb_module_header\">Robot iGarden<\/h3><\/div><\/div>\n\n<div class=\"et_pb_text_2 et_pb_text et_pb_bg_layout_light et_pb_module et_block_module preset--module--divi-text--2c55a9c4-feed-423b-9edb-ae0b5b365cac\"><div class=\"et_pb_text_inner\"><p data-start=\"43\" data-end=\"209\">Tecnologia <strong data-start=\"54\" data-end=\"88\">CORS-based RTK + Stereo Vision<\/strong> con navigazione <strong data-start=\"105\" data-end=\"114\">vSLAM<\/strong> per una mappatura precisa al centimetro, stabile anche in presenza di ostacoli o interferenze.<\/p>\n<ul data-start=\"211\" data-end=\"567\">\n<li data-section-id=\"1691o4a\" data-start=\"211\" data-end=\"268\">Copertura fino a <strong data-start=\"230\" data-end=\"242\">1.500 m\u00b2<\/strong> (2 modelli disponibili)<\/li>\n<li data-section-id=\"1ltx9q0\" data-start=\"269\" data-end=\"301\">Autonomia fino a <strong data-start=\"288\" data-end=\"299\">5,5 ore<\/strong><\/li>\n<li data-section-id=\"1ew4au5\" data-start=\"302\" data-end=\"351\">Funzione <strong data-start=\"313\" data-end=\"326\">MultiArea<\/strong> per giardini complessi<\/li>\n<li data-section-id=\"1idvo6i\" data-start=\"352\" data-end=\"434\">Sistema di sicurezza con <strong data-start=\"379\" data-end=\"409\">videocamere stereoscopiche<\/strong> e rilevamento ostacoli<\/li>\n<li data-section-id=\"162ich3\" data-start=\"435\" data-end=\"490\"><strong data-start=\"437\" data-end=\"456\">2 ruote motrici<\/strong>: pendenze fino al <strong data-start=\"475\" data-end=\"488\">46% (25\u00b0)<\/strong><\/li>\n<li data-section-id=\"id603o\" data-start=\"491\" data-end=\"542\"><strong data-start=\"493\" data-end=\"507\">Turbo Mode<\/strong> per un taglio potente e uniforme<\/li>\n<li data-section-id=\"154z8hi\" data-start=\"543\" data-end=\"567\"><strong data-start=\"545\" data-end=\"567\">2 anni di garanzia<\/strong><\/li>\n<\/ul>\n<p data-start=\"569\" data-end=\"651\" data-is-last-node=\"\" data-is-only-node=\"\">Precisione, affidabilit\u00e0 e gestione intelligente anche degli spazi pi\u00f9 articolati.<\/p>\n<\/div><\/div>\n<\/div>\n\n<div class=\"et_pb_column_9 et_pb_column et_pb_column_1_3 et-last-child et_block_column et_pb_css_mix_blend_mode_passthrough preset--module--divi-column--abf3c322-b168-4918-b3da-edbf076632f5\">\n<div class=\"et_pb_image_3 et_pb_image et_pb_module et_block_module\"><span class=\"et_pb_image_wrap\"><img loading=\"lazy\" decoding=\"async\" src=\"http:\/\/gusimacchineperilverde.it\/wp-content\/uploads\/2026\/03\/robot-senza-fili-1.jpg\" width=\"1092\" height=\"804\" srcset=\"http:\/\/gusimacchineperilverde.it\/wp-content\/uploads\/2026\/03\/robot-senza-fili-1.jpg 1092w, http:\/\/gusimacchineperilverde.it\/wp-content\/uploads\/2026\/03\/robot-senza-fili-1-980x722.jpg 980w, http:\/\/gusimacchineperilverde.it\/wp-content\/uploads\/2026\/03\/robot-senza-fili-1-480x353.jpg 480w\" sizes=\"(min-width: 0px) and (max-width: 480px) 480px, (min-width: 481px) and (max-width: 980px) 980px, (min-width: 981px) 1092px, 100vw\" class=\"wp-image-14\" title=\"robot senza fili 1\" \/><\/span><\/div>\n\n<div class=\"et_pb_heading_6 et_pb_heading et_pb_module et_block_module preset--module--divi-heading--ba4a6336-701f-47b8-bf5c-09da0ce28016\"><div class=\"et_pb_heading_container\"><h3 class=\"et_pb_module_header\">Robot Honda<\/h3><\/div><\/div>\n\n<div class=\"et_pb_text_3 et_pb_text et_pb_bg_layout_light et_pb_module et_block_module preset--module--divi-text--2c55a9c4-feed-423b-9edb-ae0b5b365cac\"><div class=\"et_pb_text_inner\"><p data-start=\"79\" data-end=\"226\">Gamma affidabile e collaudata, ideale per superfici da <strong data-start=\"134\" data-end=\"154\">1.000 a 3.000 m\u00b2<\/strong>, con tecnologia a <strong data-start=\"173\" data-end=\"192\">2 ruote motrici<\/strong> e prestazioni costanti nel tempo.<\/p>\n<ul data-start=\"228\" data-end=\"391\">\n<li data-section-id=\"qlgp65\" data-start=\"228\" data-end=\"276\">Modelli per <strong data-start=\"242\" data-end=\"274\">1000 \u2013 1500 \u2013 2000 \u2013 3000 m\u00b2<\/strong><\/li>\n<li data-section-id=\"b4idd0\" data-start=\"277\" data-end=\"317\"><strong data-start=\"279\" data-end=\"300\">Alta affidabilit\u00e0<\/strong> e lunga durata<\/li>\n<li data-section-id=\"6a1k4c\" data-start=\"318\" data-end=\"341\"><strong data-start=\"320\" data-end=\"339\">Garanzia 5 anni<\/strong><\/li>\n<li data-section-id=\"qzbvle\" data-start=\"342\" data-end=\"391\"><strong data-start=\"344\" data-end=\"364\">HRM1500 in promo<\/strong>: \u20ac799 fino al 21\/06\/2026<\/li>\n<\/ul>\n<p data-start=\"393\" data-end=\"430\"><strong data-start=\"393\" data-end=\"430\">HRM4000 Live \u2013 funzioni avanzate:<\/strong><\/p>\n<ul data-start=\"431\" data-end=\"689\">\n<li data-section-id=\"1plm24w\" data-start=\"431\" data-end=\"478\"><strong data-start=\"433\" data-end=\"458\">Regolazione elettrica<\/strong> altezza di taglio<\/li>\n<li data-section-id=\"1yv1nl2\" data-start=\"479\" data-end=\"537\">Sensore crescita erba: <strong data-start=\"504\" data-end=\"535\">ottimizza i tempi di lavoro<\/strong><\/li>\n<li data-section-id=\"ci0cer\" data-start=\"538\" data-end=\"590\"><strong data-start=\"540\" data-end=\"564\">Rientro intelligente<\/strong> in stazione tramite GPS<\/li>\n<li data-section-id=\"152kmy6\" data-start=\"591\" data-end=\"642\"><strong data-start=\"593\" data-end=\"618\">App con SIM integrata<\/strong> e connettivit\u00e0 a vita<\/li>\n<li data-section-id=\"vjwz9z\" data-start=\"643\" data-end=\"689\">Gestione avanzata con <strong data-start=\"667\" data-end=\"689\">2 cavi direzionali<\/strong><\/li>\n<\/ul>\n<p data-start=\"691\" data-end=\"770\" data-is-last-node=\"\" data-is-only-node=\"\">Soluzione robusta, semplice e affidabile per una gestione automatica del prato.<\/p>\n<\/div><\/div>\n<\/div>\n<\/div>\n<\/div>\n\n<div class=\"et_pb_section_3 et_pb_section et_section_regular et_block_section\">\n<div class=\"et_pb_row_5 et_pb_row et_block_row preset--module--divi-row--5138c454-be54-4233-bd3b-f8e6a8747976\">\n<div class=\"et_pb_column_10 et_pb_column et_pb_column_4_4 et-last-child et_block_column et_pb_css_mix_blend_mode_passthrough preset--module--divi-column--73121f80-a3ef-4484-8763-c3f18e3c56d2\">\n<div class=\"et_pb_heading_7 et_pb_heading et_pb_module et_block_module preset--module--divi-heading--c33f07d9-41e0-421a-8799-5799df695cce\"><div class=\"et_pb_heading_container\"><h2 class=\"et_pb_module_header\">Ci Trovi a Marostica<\/h2><\/div><\/div>\n<\/div>\n<\/div>\n\n<div class=\"et_pb_row_6 et_pb_row et_pb_row_1-4_3-4 et_block_row et_block_row_1-4_3-4 preset--module--divi-row--c9cfaba2-2263-4f35-8227-8d16ca8bd1cc\">\n<div class=\"et_pb_column_11 et_pb_column et_pb_column_1_4 et_block_column et_pb_css_mix_blend_mode_passthrough preset--module--divi-column--73121f80-a3ef-4484-8763-c3f18e3c56d2\">\n<div class=\"et_pb_image_4 et_pb_image et_pb_module et_block_module preset--module--divi-image--6ed8fd5c-62c5-4100-98c3-7b8b6d2c2ee6\"><span class=\"et_pb_image_wrap\"><img loading=\"lazy\" decoding=\"async\" src=\"http:\/\/gusimacchineperilverde.it\/wp-content\/uploads\/2026\/04\/628459560_1567176555080165_1200267940479999451_n.jpg\" width=\"1600\" height=\"1200\" srcset=\"http:\/\/gusimacchineperilverde.it\/wp-content\/uploads\/2026\/04\/628459560_1567176555080165_1200267940479999451_n.jpg 1600w, http:\/\/gusimacchineperilverde.it\/wp-content\/uploads\/2026\/04\/628459560_1567176555080165_1200267940479999451_n-1280x960.jpg 1280w, http:\/\/gusimacchineperilverde.it\/wp-content\/uploads\/2026\/04\/628459560_1567176555080165_1200267940479999451_n-980x735.jpg 980w, http:\/\/gusimacchineperilverde.it\/wp-content\/uploads\/2026\/04\/628459560_1567176555080165_1200267940479999451_n-480x360.jpg 480w\" sizes=\"(min-width: 0px) and (max-width: 480px) 480px, (min-width: 481px) and (max-width: 980px) 980px, (min-width: 981px) and (max-width: 1280px) 1280px, (min-width: 1281px) 1600px, 100vw\" class=\"wp-image-21\" title=\"628459560_1567176555080165_1200267940479999451_n\" \/><\/span><\/div>\n<\/div>\n\n<div class=\"et_pb_column_12 et_pb_column et_pb_column_3_4 et-last-child et_block_column et_pb_css_mix_blend_mode_passthrough preset--module--divi-column--73121f80-a3ef-4484-8763-c3f18e3c56d2\">\n<div class=\"et_pb_text_4 et_pb_text et_pb_bg_layout_light et_pb_module et_block_module preset--module--divi-text--ca5459fa-2abd-4000-9b59-3cb483bcc17e\"><div class=\"et_pb_text_inner\"><h5><span dir=\"auto\" style=\"vertical-align: inherit;\"><span dir=\"auto\" style=\"vertical-align: inherit;\">Il punto vendita GUSI, a Bassano del Grappa, ha oltre 40 anni di esperienza nel settore del giardinaggio, dell'agricoltura, del settore boschivo e dell'Assistenza, con gli anni l'attivit\u00e0 si \u00e8 ampliata e ad oggi pu\u00f2 offrire un'ampia esposizione per la piccola agricoltura, il giardinaggio, l'attrezzatura boschiva, l'abbigliamento da lavoro e antitaglio, per l'hobbista e il professionista, dagli attrezzi manuali a prodotti con tecnologia di ultima generazione.<\/span><\/span><\/h5>\n<h5><span dir=\"auto\" style=\"vertical-align: inherit;\"><span dir=\"auto\" style=\"vertical-align: inherit;\">Siamo sempre alla ricerca di attrezzature efficienti, affidabili e di qualit\u00e0, con caratteristiche uniche secondo le necessit\u00e0 dei clienti.<\/span><\/span><\/h5>\n<h5><span dir=\"auto\" style=\"vertical-align: inherit;\"><span dir=\"auto\" style=\"vertical-align: inherit;\">Negli anni le scelte effettuate hanno dato ottimi risultati: le manutenzioni, che eseguiamo personalmente, ci danno un riscontro tangibile della qualit\u00e0 dei prodotti che selezioniamo e offriamo ai clienti.<\/span><\/span><\/h5>\n<h5><span dir=\"auto\" style=\"vertical-align: inherit;\"><span dir=\"auto\" style=\"vertical-align: inherit;\">Scegliamo attrezzature solo da fornitori selezionati e affidabili, con valori di Durevolezza ed Efficacia in termini di tempo ed energia, con un ottimo Supporto Ricambi e copertura Garanzia.<\/span><\/span><\/h5>\n<h5><span dir=\"auto\" style=\"vertical-align: inherit;\"><span dir=\"auto\" style=\"vertical-align: inherit;\">Abbiamo a cuore il benessere del Consumatore, perch\u00e9 la soddisfazione maggiore \u00e8 trovare soluzioni per migliorare la vita e il lavoro di ciascuno.<\/span><\/span><\/h5>\n<h5><\/h5>\n<h5><span dir=\"auto\" style=\"vertical-align: inherit;\"><span dir=\"auto\" style=\"vertical-align: inherit;\">Con gli anni abbiamo ampliato le nostre offerte, e siamo in grado di offrire un'ampia gamma di Robot con caratteristiche diverse per Tecnologia d'installazione e funzionamento, Superficie di taglio raggiunta e per tipologia di Pendenza.<\/span><\/span><\/h5>\n<h5><\/h5>\n<\/div><\/div>\n<\/div>\n<\/div>\n<\/div>\n\n<div class=\"et_pb_section_4 et_pb_section et_section_regular et_block_section\">\n<div class=\"et_pb_row_7 et_pb_row et_block_row preset--module--divi-row--5138c454-be54-4233-bd3b-f8e6a8747976\">\n<div class=\"et_pb_column_13 et_pb_column et_pb_column_4_4 et-last-child et_block_column et_pb_css_mix_blend_mode_passthrough preset--module--divi-column--73121f80-a3ef-4484-8763-c3f18e3c56d2\">\n<div class=\"et_pb_heading_8 et_pb_heading et_pb_module et_block_module preset--module--divi-heading--c33f07d9-41e0-421a-8799-5799df695cce\"><div class=\"et_pb_heading_container\"><h2 class=\"et_pb_module_header\">Scopri il Nostro Robot Tagliaerba in Azione<\/h2><\/div><\/div>\n\n<div class=\"et_pb_text_5 et_pb_text et_pb_bg_layout_light et_pb_module et_block_module preset--module--divi-text--0504de1e-f5ff-4281-ba60-cbbe4edf98bc\"><div class=\"et_pb_text_inner\"><p>Guarda il nostro video dimostrativo per vedere come il nostro robot tagliaerba pu\u00f2 trasformare la manutenzione del tuo giardino. Scopri i suoi vantaggi e la facilit\u00e0 d'uso.<\/p>\n<\/div><\/div>\n<\/div>\n<\/div>\n<\/div>\n\n<div class=\"et_pb_section_5 et_pb_section et_section_regular et_block_section\">\n<div class=\"et_pb_row_8 et_pb_row et_block_row preset--module--divi-row--5138c454-be54-4233-bd3b-f8e6a8747976\">\n<div class=\"et_pb_column_14 et_pb_column et_pb_column_4_4 et-last-child et_block_column et_pb_css_mix_blend_mode_passthrough preset--module--divi-column--73121f80-a3ef-4484-8763-c3f18e3c56d2\">\n<div class=\"et_pb_cta_0 et_pb_promo et_pb_bg_layout_light et_pb_module et_block_module preset--module--divi-cta--be0cc754-576a-4b1c-868d-f6226f85de4d\"><div class=\"et_pb_promo_description\"><h2 class=\"et_pb_module_header\">Richiedi un Preventivo Personalizzato<\/h2><div class=\"et_pb_promo_content\"><p>Se desideri ulteriori informazioni sui nostri robot tagliaerba o vuoi richiedere un preventivo, non esitare a contattarci. Il nostro team \u00e8 pronto ad aiutarti a trovare la soluzione perfetta per il tuo giardino.<\/p>\n<\/div><\/div><div class=\"et_pb_button_wrapper\"><a class=\"et_pb_button et_pb_promo_button\" href=\"#\">Contattaci Ora<\/a><\/div><\/div>\n<\/div>\n<\/div>\n<\/div>","protected":false},"excerpt":{"rendered":"","protected":false},"author":1,"featured_media":0,"parent":0,"menu_order":0,"comment_status":"closed","ping_status":"closed","template":"","meta":{"footnotes":""},"class_list":["post-7","page","type-page","status-publish","hentry"],"_links":{"self":[{"href":"https:\/\/gusimacchineperilverde.it\/index.php\/wp-json\/wp\/v2\/pages\/7","targetHints":{"allow":["GET"]}}],"collection":[{"href":"https:\/\/gusimacchineperilverde.it\/index.php\/wp-json\/wp\/v2\/pages"}],"about":[{"href":"https:\/\/gusimacchineperilverde.it\/index.php\/wp-json\/wp\/v2\/types\/page"}],"author":[{"embeddable":true,"href":"https:\/\/gusimacchineperilverde.it\/index.php\/wp-json\/wp\/v2\/users\/1"}],"replies":[{"embeddable":true,"href":"https:\/\/gusimacchineperilverde.it\/index.php\/wp-json\/wp\/v2\/comments?post=7"}],"version-history":[{"count":7,"href":"https:\/\/gusimacchineperilverde.it\/index.php\/wp-json\/wp\/v2\/pages\/7\/revisions"}],"predecessor-version":[{"id":30,"href":"https:\/\/gusimacchineperilverde.it\/index.php\/wp-json\/wp\/v2\/pages\/7\/revisions\/30"}],"wp:attachment":[{"href":"https:\/\/gusimacchineperilverde.it\/index.php\/wp-json\/wp\/v2\/media?parent=7"}],"curies":[{"name":"wp","href":"https:\/\/api.w.org\/{rel}","templated":true}]}}